{"id":104581,"date":"2023-05-11T17:28:50","date_gmt":"2023-05-11T15:28:50","guid":{"rendered":"https:\/\/www.stainlesstec.de\/?page_id=104581"},"modified":"2026-03-03T10:16:52","modified_gmt":"2026-03-03T09:16:52","slug":"ausbildung","status":"publish","type":"page","link":"https:\/\/www.stainlesstec.de\/wordpress\/ausbildung\/","title":{"rendered":"Ausbildung"},"content":{"rendered":"<div class=\"wpb-content-wrapper\"><p>[vc_row row_height_percent=&#8220;0&#8243; override_padding=&#8220;yes&#8220; h_padding=&#8220;2&#8243; top_padding=&#8220;3&#8243; bottom_padding=&#8220;3&#8243; overlay_alpha=&#8220;50&#8243; equal_height=&#8220;yes&#8220; gutter_size=&#8220;4&#8243; column_width_percent=&#8220;100&#8243; shift_y=&#8220;0&#8243; z_index=&#8220;0&#8243; enable_top_divider=&#8220;default&#8220; top_divider=&#8220;arrow&#8220; shape_top_h_use_pixel=&#8220;&#8220; shape_top_height=&#8220;30&#8243; shape_top_color=&#8220;color-lxmt&#8220; shape_top_opacity=&#8220;100&#8243; shape_top_ratio=&#8220;yes&#8220; shape_top_index=&#8220;0&#8243; uncode_shortcode_id=&#8220;335402&#8243; row_name=&#8220;Ausbildung&#8220; shape_top_color_type=&#8220;uncode-palette&#8220;][vc_column column_width_percent=&#8220;100&#8243; position_vertical=&#8220;middle&#8220; gutter_size=&#8220;3&#8243; overlay_alpha=&#8220;50&#8243; shift_x=&#8220;0&#8243; shift_y=&#8220;0&#8243; shift_y_down=&#8220;0&#8243; z_index=&#8220;0&#8243; medium_width=&#8220;0&#8243; mobile_width=&#8220;0&#8243; width=&#8220;1\/1&#8243; uncode_shortcode_id=&#8220;196941&#8243;][vc_custom_heading text_color=&#8220;color-153147&#8243; heading_semantic=&#8220;h3&#8243; text_size=&#8220;fontsize-326181&#8243; uncode_shortcode_id=&#8220;157042&#8243; text_color_type=&#8220;uncode-palette&#8220;]Ausbildung[\/vc_custom_heading][vc_row_inner][vc_column_inner width=&#8220;1\/3&#8243;][vc_single_image media=&#8220;104541&#8243; media_width_percent=&#8220;100&#8243; media_ratio=&#8220;three-two&#8220; uncode_shortcode_id=&#8220;445237&#8243;][\/vc_column_inner][vc_column_inner width=&#8220;1\/3&#8243;][vc_single_image media=&#8220;104438&#8243; media_width_percent=&#8220;100&#8243; media_ratio=&#8220;three-two&#8220; uncode_shortcode_id=&#8220;162139&#8243;][\/vc_column_inner][vc_column_inner width=&#8220;1\/3&#8243;][vc_single_image media=&#8220;103831&#8243; media_width_percent=&#8220;100&#8243; media_ratio=&#8220;three-two&#8220; uncode_shortcode_id=&#8220;187458&#8243;][\/vc_column_inner][\/vc_row_inner][vc_column_text text_lead=&#8220;yes&#8220; uncode_shortcode_id=&#8220;210411&#8243;]<strong>Ausbildung zum Metallbauer\/zur Metallbauerin, Fachrichtung Konstruktionstechnik<\/strong><\/p>\n<p>Hallo, sch\u00f6n, dass du dich f\u00fcr die Ausbildung bei uns interessierst! Auf dieser Seite erf\u00e4hrst du mehr dar\u00fcber. Schau dir zun\u00e4chst den Film an, in dem wir uns vorstellen. Unsere Azubis Mike und Violetta und ihre Kollegen erz\u00e4hlen dir, warum sie ihren Job richtig cool finden und jeden Morgen gerne zur Arbeit kommen.[\/vc_column_text][vc_raw_html]JTNDZGl2JTIwc3R5bGUlM0QlMjJwYWRkaW5nJTNBNzUlMjUlMjAwJTIwMCUyMDAlM0Jwb3NpdGlvbiUzQXJlbGF0aXZlJTNCJTIyJTNFJTNDaWZyYW1lJTIwc3JjJTNEJTIyaHR0cHMlM0ElMkYlMkZwbGF5ZXIudmltZW8uY29tJTJGdmlkZW8lMkY4MjU5NzIwODglM0ZoJTNEOTk4MjU2YWU4MCUyNmFtcCUzQmJhZGdlJTNEMCUyNmFtcCUzQmF1dG9wYXVzZSUzRDAlMjZhbXAlM0JwbGF5ZXJfaWQlM0QwJTI2YW1wJTNCYXBwX2lkJTNENTg0NzklMjIlMjBmcmFtZWJvcmRlciUzRCUyMjAlMjIlMjBhbGxvdyUzRCUyMmF1dG9wbGF5JTNCJTIwZnVsbHNjcmVlbiUzQiUyMHBpY3R1cmUtaW4tcGljdHVyZSUyMiUyMGFsbG93ZnVsbHNjcmVlbiUyMHN0eWxlJTNEJTIycG9zaXRpb24lM0FhYnNvbHV0ZSUzQnRvcCUzQTAlM0JsZWZ0JTNBMCUzQndpZHRoJTNBMTAwJTI1JTNCaGVpZ2h0JTNBMTAwJTI1JTNCJTIyJTIwdGl0bGUlM0QlMjJzdGFpbmxlc3N0ZWNfTmFjaHd1Y2hzX1YzJTIyJTNFJTNDJTJGaWZyYW1lJTNFJTNDJTJGZGl2JTNFJTNDc2NyaXB0JTIwc3JjJTNEJTIyaHR0cHMlM0ElMkYlMkZwbGF5ZXIudmltZW8uY29tJTJGYXBpJTJGcGxheWVyLmpzJTIyJTNFJTNDJTJGc2NyaXB0JTNF[\/vc_raw_html][vc_column_text text_lead=&#8220;yes&#8220; uncode_shortcode_id=&#8220;154691&#8243;]<strong>Digitales Arbeiten mit Laser-Robotern und klassisches Handwerk<br \/>\n<\/strong><br \/>\nBei stainlesstec verbinden wir digitale Arbeit an hochmodernen Maschinen mit klassischem Handwerk. Bei uns lernst du beides. Viele Mitarbeiter sch\u00e4tzen bei uns, dass ihr Job anders als in der Industrie sehr selbst\u00e4ndig und abwechslungsreich ist. Wir produzieren ein gro\u00dfes, vielseitiges Sortiment an Edelstahl- und Aluminiumprodukten. Daf\u00fcr haben wir f\u00fcr Azubis die optimale Gr\u00f6\u00dfe: Wer bei uns arbeitet, lernt eine gro\u00dfe Bandbreite an modernen Maschinen kennen. Aber es gibt bei uns aber keine Massenproduktion am Flie\u00dfband, sondern wir fertigen kleine bis mittlere St\u00fcckzahlen, entwickeln oft neue Produkte und stellen sie in echter Handarbeit her. Jeder unserer Mitarbeiter kennt den Stolz, wenn er ein fertiges Werkst\u00fcck in der Hand h\u00e4lt.<\/p>\n<p><strong>Preisgekr\u00f6nt<br \/>\n<\/strong><br \/>\nWir sind ein preisgekr\u00f6nter Lehrbetrieb mit einer gut ausger\u00fcsteten Lehrwerkstatt und wir nehmen unsere Aufgabe als Ausbilder sehr ernst. Regelm\u00e4\u00dfig schlie\u00dfen bei uns Auszubildende mit Pr\u00e4dikat ab und es keine Seltenheit, dass sie zur Pr\u00fcfung der Landesbesten gehen. Unser Ausbildungsleiter Sami Alili sitzt selbst im Pr\u00fcfungsausschuss. Er wei\u00df genau, worum es geht. Und wir k\u00f6nnen unsere Auszubildenden gezielt bei der Pr\u00fcfungsvorbereitung unterst\u00fctzen.<\/p>\n<p><strong>Sehr gutes Arbeitsklima <\/strong><\/p>\n<p>Stolz sind wir auf unser ausgezeichnetes Arbeitsklima. Wir legen gro\u00dfen Wert auf ein kameradschaftliches Miteinander, Dialog und flache Hierarchien. Unser Azubi Mike (erstes Lehrjahr) formuliert es so: \u201eWenn ich mal einen Fehler mache, gibt es keinen Stress, sondern ich bekomme erkl\u00e4rt, wie es richtig geht.\u201c Wir freuen uns \u00fcber Anregungen unserer Azubis, wie wir Arbeitsprozesse noch besser gestalten k\u00f6nnen. Auch das Miteinander von Jungen und \u00c4lteren funktioniert bei uns sehr gut. Uns ist sehr wichtig, dass unser Mitarbeiterinnen und Mitarbeiter jeden Morgen gerne zur Arbeit kommen. Und nat\u00fcrlich machen alle hier einen verantwortungsvollen Job, aber es wird bei uns auch viel gelacht. \ud83d\ude0a Um die Gemeinschaft zu st\u00e4rken, gibt es bei stainlesstec regelm\u00e4\u00dfig Teamprojekte wie Braunkohlwanderung, Grillen, Firmenlauf, Crossgolf oder Paintball. Die Firma hat auch eine eigene Fu\u00dfballmannschaft. Und wenn es im Sommer richtig hei\u00df ist, bestellt J\u00fcrgen Mozar einen Eiswagen. Dann lautet die Arbeitsanweisung an alle: \u201eLeer essen!\u201c<\/p>\n<p><strong>Hohe \u00dcbernahme- und Entwicklungschancen<br \/>\n<\/strong><br \/>\nWir haben eine sehr hohe \u00dcbernahmequote. Wer in der Ausbildung Engagement zeigt, kann davon ausgehen, dass er danach einen sicheren Arbeitsplatz bei uns hat. Das Unternehmen \u00fcbernimmt auch die Kosten f\u00fcr Weiterbildungen. Wir halten viel von Eigengew\u00e4chsen, die bei uns alles von Anfang an ordentlich gelernt haben. Das hei\u00dft: Wer sich bei uns weiter entwickeln will, der hat daf\u00fcr bei uns die allerbesten M\u00f6glichkeiten. Viele Ex-Azubis haben inzwischen im Betrieb wichtige Positionen \u00fcbernommen. \u00dcbrigens: Auch unser Produktions- und Ausbildungsleiter Sami Alili hat mal als Praktikant bei uns angefangen. \ud83d\ude00<\/p>\n<p><strong>Bewerbung ganz einfach<br \/>\n<\/strong><\/p>\n<ul>\n<li>Was du mitbringen solltest:<\/li>\n<li>Einen Schulabschluss<\/li>\n<li>Grundkenntnisse in Deutsch<\/li>\n<li>Zuverl\u00e4ssigkeit, Ausdauer, P\u00fcnktlichkeit<\/li>\n<li>Teamf\u00e4higkeit<\/li>\n<li>Interesse an Handwerk und praktischer Arbeit<\/li>\n<\/ul>\n<p>Komm doch einfach mal vorbei, dann zeigen wir dir den Betrieb. Am besten rufst du vorher kurz an oder schreibst uns eine Mail, damit wir Zeit f\u00fcr dich haben. Auch Praktika sind jederzeit nach Absprache m\u00f6glich. Start des n\u00e4chsten Ausbildungsjahrgangs ist am <strong>1. August 2026<\/strong>. F\u00fcr die Bewerbung erwarten wir ein Anschreiben, deinen Lebenslauf und ein aktuelles Schulzeugnis. Gerne kannst du auch weitere Beurteilungen etc. mitschicken.<\/p>\n<p>Bitte richte die Bewerbung an: Stainlesstec GmbH, Sami Alili, Langer Garten 23-25, 31137 Hildesheim.<\/p>\n<p>Hast du Fragen oder m\u00f6chtest uns kennenlernen: Dann wende dich an Sami Alili, Tel: 05121 690 85-24 <a href=\"mailto:personal@stainlesstec.de\">personal@stainlesstec.de<\/a>[\/vc_column_text][\/vc_column][\/vc_row][vc_row row_height_percent=&#8220;0&#8243; override_padding=&#8220;yes&#8220; h_padding=&#8220;2&#8243; top_padding=&#8220;3&#8243; bottom_padding=&#8220;3&#8243; overlay_alpha=&#8220;50&#8243; gutter_size=&#8220;0&#8243; column_width_percent=&#8220;100&#8243; shift_y=&#8220;0&#8243; z_index=&#8220;0&#8243; enable_top_divider=&#8220;default&#8220; top_divider=&#8220;arrow&#8220; shape_top_h_use_pixel=&#8220;&#8220; shape_top_height=&#8220;30&#8243; shape_top_color=&#8220;color-lxmt&#8220; shape_top_opacity=&#8220;100&#8243; shape_top_ratio=&#8220;yes&#8220; shape_top_index=&#8220;0&#8243; shape_top_responsive=&#8220;yes&#8220; shape_top_tablet_hide=&#8220;yes&#8220; shape_top_mobile_hide=&#8220;yes&#8220; uncode_shortcode_id=&#8220;693585&#8243; shape_top_color_type=&#8220;uncode-palette&#8220;][vc_column column_width_percent=&#8220;100&#8243; position_vertical=&#8220;middle&#8220; align_horizontal=&#8220;align_center&#8220; gutter_size=&#8220;3&#8243; overlay_alpha=&#8220;50&#8243; shift_x=&#8220;0&#8243; shift_y=&#8220;0&#8243; shift_y_down=&#8220;0&#8243; z_index=&#8220;0&#8243; medium_width=&#8220;0&#8243; mobile_width=&#8220;0&#8243; width=&#8220;1\/1&#8243; uncode_shortcode_id=&#8220;149649&#8243;][vc_column_text text_lead=&#8220;yes&#8220; uncode_shortcode_id=&#8220;361256&#8243;]<\/p>\n<p style=\"text-align: center;\">Hier ist unser Azubi-Flyer. Alle Infos auf einen Blick.<\/p>\n<p>[\/vc_column_text][uncode_slider slider_interval=&#8220;0&#8243; slider_navspeed=&#8220;400&#8243; slider_loop=&#8220;yes&#8220; slider_dots_space=&#8220;yes&#8220;][vc_row_inner row_inner_height_percent=&#8220;0&#8243; overlay_alpha=&#8220;50&#8243; gutter_size=&#8220;3&#8243; shift_y=&#8220;0&#8243; z_index=&#8220;0&#8243; uncode_shortcode_id=&#8220;110709&#8243;][vc_column_inner column_width_percent=&#8220;100&#8243; gutter_size=&#8220;3&#8243; overlay_alpha=&#8220;50&#8243; shift_x=&#8220;0&#8243; shift_y=&#8220;0&#8243; shift_y_down=&#8220;0&#8243; z_index=&#8220;0&#8243; medium_width=&#8220;0&#8243; mobile_width=&#8220;0&#8243; width=&#8220;1\/1&#8243; uncode_shortcode_id=&#8220;131763&#8243;][vc_single_image media=&#8220;104616&#8243; media_width_percent=&#8220;80&#8243; alignment=&#8220;center&#8220; uncode_shortcode_id=&#8220;112546&#8243; media_link=&#8220;url:https%3A%2F%2Fwww.stainlesstec.de%2Fwordpress%2Fwp-content%2Fuploads%2F2023%2F05%2FFlyer_stainlesstec_web.pdf|target:_blank&#8220;][\/vc_column_inner][\/vc_row_inner][vc_row_inner][vc_column_inner column_width_percent=&#8220;100&#8243; gutter_size=&#8220;3&#8243; overlay_alpha=&#8220;50&#8243; shift_x=&#8220;0&#8243; shift_y=&#8220;0&#8243; shift_y_down=&#8220;0&#8243; z_index=&#8220;0&#8243; medium_width=&#8220;0&#8243; mobile_width=&#8220;0&#8243; width=&#8220;1\/1&#8243; uncode_shortcode_id=&#8220;145452&#8243;][vc_single_image media=&#8220;104629&#8243; media_width_percent=&#8220;80&#8243; alignment=&#8220;center&#8220; uncode_shortcode_id=&#8220;140341&#8243; media_link=&#8220;url:https%3A%2F%2Fwww.stainlesstec.de%2Fwordpress%2Fwp-content%2Fuploads%2F2023%2F05%2FFlyer_stainlesstec_web.pdf|target:_blank&#8220;][\/vc_column_inner][\/vc_row_inner][\/uncode_slider][\/vc_column][\/vc_row][vc_row unlock_row_content=&#8220;yes&#8220; row_height_percent=&#8220;0&#8243; override_padding=&#8220;yes&#8220; h_padding=&#8220;2&#8243; top_padding=&#8220;2&#8243; bottom_padding=&#8220;0&#8243; back_color=&#8220;color-155512&#8243; overlay_alpha=&#8220;50&#8243; gutter_size=&#8220;0&#8243; column_width_percent=&#8220;100&#8243; shift_y=&#8220;0&#8243; z_index=&#8220;0&#8243; enable_top_divider=&#8220;default&#8220; top_divider=&#8220;arrow&#8220; shape_top_h_use_pixel=&#8220;&#8220; shape_top_height=&#8220;30&#8243; shape_top_color=&#8220;color-lxmt&#8220; shape_top_opacity=&#8220;100&#8243; shape_top_ratio=&#8220;yes&#8220; shape_top_index=&#8220;0&#8243; shape_top_responsive=&#8220;yes&#8220; shape_top_tablet_hide=&#8220;yes&#8220; shape_top_mobile_hide=&#8220;yes&#8220; uncode_shortcode_id=&#8220;213937&#8243; back_color_type=&#8220;uncode-palette&#8220; shape_top_color_type=&#8220;uncode-palette&#8220;][vc_column column_width_percent=&#8220;100&#8243; gutter_size=&#8220;0&#8243; back_color=&#8220;color-155512&#8243; overlay_alpha=&#8220;50&#8243; shift_x=&#8220;0&#8243; shift_y=&#8220;0&#8243; shift_y_down=&#8220;0&#8243; z_index=&#8220;0&#8243; medium_width=&#8220;0&#8243; mobile_width=&#8220;0&#8243; width=&#8220;1\/1&#8243; uncode_shortcode_id=&#8220;146779&#8243; back_color_type=&#8220;uncode-palette&#8220;][vc_empty_space empty_h=&#8220;0&#8243;][\/vc_column][\/vc_row]<\/p>\n<\/div>","protected":false},"excerpt":{"rendered":"<p>[vc_row row_height_percent=&#8220;0&#8243; override_padding=&#8220;yes&#8220; h_padding=&#8220;2&#8243; top_padding=&#8220;3&#8243; bottom_padding=&#8220;3&#8243; overlay_alpha=&#8220;50&#8243; equal_height=&#8220;yes&#8220; gutter_size=&#8220;4&#8243; column_width_percent=&#8220;100&#8243; shift_y=&#8220;0&#8243; z_index=&#8220;0&#8243; enable_top_divider=&#8220;default&#8220; top_divider=&#8220;arrow&#8220; shape_top_h_use_pixel=&#8220;&#8220; shape_top_height=&#8220;30&#8243; shape_top_color=&#8220;color-lxmt&#8220; shape_top_opacity=&#8220;100&#8243; shape_top_ratio=&#8220;yes&#8220; shape_top_index=&#8220;0&#8243; [&hellip;]<\/p>\n","protected":false},"author":1,"featured_media":0,"parent":0,"menu_order":2,"comment_status":"closed","ping_status":"closed","template":"","meta":{"footnotes":""},"class_list":["post-104581","page","type-page","status-publish","hentry"],"_links":{"self":[{"href":"https:\/\/www.stainlesstec.de\/wordpress\/wp-json\/wp\/v2\/pages\/104581","targetHints":{"allow":["GET"]}}],"collection":[{"href":"https:\/\/www.stainlesstec.de\/wordpress\/wp-json\/wp\/v2\/pages"}],"about":[{"href":"https:\/\/www.stainlesstec.de\/wordpress\/wp-json\/wp\/v2\/types\/page"}],"author":[{"embeddable":true,"href":"https:\/\/www.stainlesstec.de\/wordpress\/wp-json\/wp\/v2\/users\/1"}],"replies":[{"embeddable":true,"href":"https:\/\/www.stainlesstec.de\/wordpress\/wp-json\/wp\/v2\/comments?post=104581"}],"version-history":[{"count":1,"href":"https:\/\/www.stainlesstec.de\/wordpress\/wp-json\/wp\/v2\/pages\/104581\/revisions"}],"predecessor-version":[{"id":105224,"href":"https:\/\/www.stainlesstec.de\/wordpress\/wp-json\/wp\/v2\/pages\/104581\/revisions\/105224"}],"wp:attachment":[{"href":"https:\/\/www.stainlesstec.de\/wordpress\/wp-json\/wp\/v2\/media?parent=104581"}],"curies":[{"name":"wp","href":"https:\/\/api.w.org\/{rel}","templated":true}]}}