{"id":103772,"date":"2022-06-15T11:21:33","date_gmt":"2022-06-15T09:21:33","guid":{"rendered":"https:\/\/www.stainlesstec.de\/wordpress\/?page_id=103772"},"modified":"2025-07-24T17:10:08","modified_gmt":"2025-07-24T15:10:08","slug":"produkte","status":"publish","type":"page","link":"https:\/\/www.stainlesstec.de\/wordpress\/produkte\/","title":{"rendered":"Produkte"},"content":{"rendered":"<div class=\"wpb-content-wrapper\"><p>[vc_row row_height_percent=&#8220;0&#8243; override_padding=&#8220;yes&#8220; h_padding=&#8220;2&#8243; top_padding=&#8220;3&#8243; bottom_padding=&#8220;3&#8243; overlay_alpha=&#8220;50&#8243; equal_height=&#8220;yes&#8220; gutter_size=&#8220;4&#8243; column_width_percent=&#8220;100&#8243; shift_y=&#8220;0&#8243; z_index=&#8220;0&#8243; uncode_shortcode_id=&#8220;167305&#8243;][vc_column column_width_percent=&#8220;100&#8243; position_vertical=&#8220;middle&#8220; align_horizontal=&#8220;align_center&#8220; gutter_size=&#8220;3&#8243; overlay_alpha=&#8220;50&#8243; shift_x=&#8220;0&#8243; shift_y=&#8220;0&#8243; shift_y_down=&#8220;0&#8243; z_index=&#8220;0&#8243; medium_width=&#8220;0&#8243; mobile_width=&#8220;0&#8243; width=&#8220;1\/1&#8243; uncode_shortcode_id=&#8220;203480&#8243;][vc_custom_heading text_color=&#8220;color-153147&#8243; heading_semantic=&#8220;h3&#8243; text_size=&#8220;fontsize-326181&#8243; uncode_shortcode_id=&#8220;832067&#8243; text_color_type=&#8220;uncode-palette&#8220;]Hochmoderne Technik und langj\u00e4hrige Erfahrung<br \/>\n[\/vc_custom_heading][vc_empty_space empty_h=&#8220;2&#8243;][vc_single_image media=&#8220;103791&#8243; media_width_percent=&#8220;100&#8243; media_ratio=&#8220;two-one&#8220; alignment=&#8220;center&#8220; uncode_shortcode_id=&#8220;413154&#8243;][vc_column_text text_lead=&#8220;yes&#8220; uncode_shortcode_id=&#8220;136155&#8243;]<\/p>\n<p style=\"text-align: left;\">Bei dem Thema Edelstahl sind wir Experten. Wir verbinden langj\u00e4hriges Know-how mit hochmoderner Technik. Unser Team arbeitet auf h\u00f6chstem Qualit\u00e4tsniveau.<\/p>\n<p>[\/vc_column_text][\/vc_column][\/vc_row][vc_row row_height_percent=&#8220;10&#8243; back_color=&#8220;color-lxmt&#8220; overlay_alpha=&#8220;50&#8243; gutter_size=&#8220;0&#8243; column_width_percent=&#8220;100&#8243; shift_y=&#8220;0&#8243; z_index=&#8220;0&#8243; enable_top_divider=&#8220;default&#8220; top_divider=&#8220;arrow&#8220; shape_top_h_use_pixel=&#8220;&#8220; shape_top_height=&#8220;30&#8243; shape_top_color=&#8220;color-xsdn&#8220; shape_top_opacity=&#8220;100&#8243; shape_top_ratio=&#8220;yes&#8220; shape_top_index=&#8220;0&#8243; shape_top_responsive=&#8220;yes&#8220; shape_top_tablet_hide=&#8220;yes&#8220; shape_top_mobile_hide=&#8220;yes&#8220; uncode_shortcode_id=&#8220;103552&#8243; back_color_type=&#8220;uncode-palette&#8220; shape_top_color_type=&#8220;uncode-palette&#8220; row_name=&#8220;Edelstahl&#8220;][vc_column column_width_percent=&#8220;100&#8243; align_horizontal=&#8220;align_center&#8220; gutter_size=&#8220;0&#8243; overlay_alpha=&#8220;50&#8243; shift_x=&#8220;0&#8243; shift_y=&#8220;0&#8243; shift_y_down=&#8220;0&#8243; z_index=&#8220;0&#8243; medium_width=&#8220;0&#8243; mobile_width=&#8220;0&#8243; width=&#8220;1\/1&#8243; uncode_shortcode_id=&#8220;934726&#8243;][vc_empty_space empty_h=&#8220;2&#8243;][vc_custom_heading text_color=&#8220;color-153147&#8243; heading_semantic=&#8220;h3&#8243; text_size=&#8220;fontsize-326181&#8243; uncode_shortcode_id=&#8220;331730&#8243; text_color_type=&#8220;uncode-palette&#8220;]Wei\u00dfe Fertigung: nur Edelstahl und Aluminium<br \/>\n[\/vc_custom_heading][vc_empty_space empty_h=&#8220;2&#8243;][vc_column_text text_lead=&#8220;yes&#8220; uncode_shortcode_id=&#8220;430385&#8243;]<\/p>\n<p style=\"text-align: left;\">In unserer wei\u00dfen Fertigung verarbeiten wir ausschlie\u00dflich Edelstahl- und Aluminiumbleche in verschiedenen Formaten \u2013 ohne Kontakt mit anderen Stahlsorten. Dadurch ist garantiert, dass die Bleche dauerhaft korrosionsfrei und optisch einwandfrei bleiben. Edelstahl bleibt nur rostfrei, wenn er richtig verarbeitet wird.<\/p>\n<p style=\"text-align: left;\"><strong>In unserer rein wei\u00dfen Fertigung verarbeiten wir:<\/strong><\/p>\n<p style=\"text-align: left;\"><strong>Edelstahlbleche<\/strong><\/p>\n<p style=\"text-align: left;\">Formate bis 2000&#215;4000 und 0,5 bis 20 mm Materialst\u00e4rke<br \/>\nOberfl\u00e4cheng\u00fcte: foliert, geschliffen bis Korn 400, nass geschliffen bis Korn 320<\/p>\n<p style=\"text-align: left;\"><strong>Aluminiumbleche<\/strong><\/p>\n<p style=\"text-align: left;\">Formate bis 2000&#215;4000 und 1,0 bis 12 mm Materialst\u00e4rke<br \/>\nOberfl\u00e4cheng\u00fcte: blank, eloxiert, foliert, geschliffen<\/p>\n<p>[\/vc_column_text][vc_empty_space empty_h=&#8220;2&#8243;][\/vc_column][\/vc_row][vc_row row_height_percent=&#8220;0&#8243; override_padding=&#8220;yes&#8220; h_padding=&#8220;2&#8243; top_padding=&#8220;3&#8243; bottom_padding=&#8220;3&#8243; overlay_alpha=&#8220;50&#8243; equal_height=&#8220;yes&#8220; gutter_size=&#8220;4&#8243; column_width_percent=&#8220;100&#8243; shift_y=&#8220;0&#8243; z_index=&#8220;0&#8243; enable_top_divider=&#8220;default&#8220; top_divider=&#8220;arrow&#8220; shape_top_h_use_pixel=&#8220;&#8220; shape_top_height=&#8220;30&#8243; shape_top_color=&#8220;color-lxmt&#8220; shape_top_opacity=&#8220;100&#8243; shape_top_ratio=&#8220;yes&#8220; shape_top_index=&#8220;0&#8243; uncode_shortcode_id=&#8220;979686&#8243; row_name=&#8220;Systemkomponenten&#8220; shape_top_color_type=&#8220;uncode-palette&#8220;][vc_column column_width_percent=&#8220;100&#8243; position_vertical=&#8220;middle&#8220; align_horizontal=&#8220;align_center&#8220; gutter_size=&#8220;3&#8243; overlay_alpha=&#8220;50&#8243; shift_x=&#8220;0&#8243; shift_y=&#8220;0&#8243; shift_y_down=&#8220;0&#8243; z_index=&#8220;0&#8243; medium_width=&#8220;0&#8243; mobile_width=&#8220;0&#8243; width=&#8220;1\/1&#8243; uncode_shortcode_id=&#8220;203480&#8243;][vc_custom_heading text_color=&#8220;color-153147&#8243; heading_semantic=&#8220;h3&#8243; text_size=&#8220;fontsize-326181&#8243; uncode_shortcode_id=&#8220;118236&#8243; text_color_type=&#8220;uncode-palette&#8220;]Just in Time, Baugruppen, Systemkomponenten[\/vc_custom_heading][vc_empty_space empty_h=&#8220;2&#8243;][vc_column_text text_lead=&#8220;yes&#8220; uncode_shortcode_id=&#8220;128549&#8243;]<\/p>\n<p style=\"text-align: left;\">Wir erf\u00fcllen fast jeden Wunsch &#8211; auch Just-in-Time und fertig montierte Baugruppen und Systemkomponenten. Wir planen und konstruieren ma\u00dfgeschneidert f\u00fcr unsere Kunden. Zu unserem Service geh\u00f6rt auch, Kaufteile f\u00fcr Sie zu beschaffen und bevorraten. Bei Bedarf bieten wir an, Ihre Monteure zu trainieren. Was f\u00fcr uns selbstverst\u00e4ndlich ist: W\u00e4hrend und nach der Montage pr\u00fcfen wir die Funktion aller elektronischen, hydraulischen und pneumatischen Bauteile. Dazu geh\u00f6ren unter anderem Druck- und Dichtigkeitspr\u00fcfungen sowie Probel\u00e4ufe.<\/p>\n<p>[\/vc_column_text][vc_gallery el_id=&#8220;gallery-163712&#8243; medias=&#8220;104682,104684,104685,104686,104688,104690&#8243; gutter_size=&#8220;3&#8243; screen_lg=&#8220;1000&#8243; screen_md=&#8220;600&#8243; screen_sm=&#8220;480&#8243; single_overlay_opacity=&#8220;50&#8243; single_padding=&#8220;2&#8243; uncode_shortcode_id=&#8220;111279&#8243;][\/vc_column][\/vc_row][vc_row row_height_percent=&#8220;10&#8243; back_color=&#8220;color-lxmt&#8220; overlay_alpha=&#8220;50&#8243; gutter_size=&#8220;0&#8243; column_width_percent=&#8220;100&#8243; shift_y=&#8220;0&#8243; z_index=&#8220;0&#8243; enable_top_divider=&#8220;default&#8220; top_divider=&#8220;arrow&#8220; shape_top_h_use_pixel=&#8220;&#8220; shape_top_height=&#8220;30&#8243; shape_top_color=&#8220;color-xsdn&#8220; shape_top_opacity=&#8220;100&#8243; shape_top_ratio=&#8220;yes&#8220; shape_top_index=&#8220;0&#8243; shape_top_responsive=&#8220;yes&#8220; shape_top_tablet_hide=&#8220;yes&#8220; shape_top_mobile_hide=&#8220;yes&#8220; uncode_shortcode_id=&#8220;523195&#8243; back_color_type=&#8220;uncode-palette&#8220; shape_top_color_type=&#8220;uncode-palette&#8220; row_name=&#8220;Luftreinigung&#8220;][vc_column column_width_percent=&#8220;100&#8243; align_horizontal=&#8220;align_center&#8220; gutter_size=&#8220;0&#8243; overlay_alpha=&#8220;50&#8243; shift_x=&#8220;0&#8243; shift_y=&#8220;0&#8243; shift_y_down=&#8220;0&#8243; z_index=&#8220;0&#8243; medium_width=&#8220;0&#8243; mobile_width=&#8220;0&#8243; width=&#8220;1\/1&#8243; uncode_shortcode_id=&#8220;934726&#8243;][vc_empty_space empty_h=&#8220;2&#8243;][vc_custom_heading text_color=&#8220;color-153147&#8243; heading_semantic=&#8220;h3&#8243; text_size=&#8220;fontsize-326181&#8243; uncode_shortcode_id=&#8220;525974&#8243; text_color_type=&#8220;uncode-palette&#8220;]Luftreinigung[\/vc_custom_heading][vc_empty_space empty_h=&#8220;2&#8243;][vc_column_text text_lead=&#8220;yes&#8220; uncode_shortcode_id=&#8220;721624&#8243;]<\/p>\n<p style=\"text-align: left;\">Als hundertprozentige Tochter der oxytec ag, Z\u00fcrich, produzieren wir f\u00fcr unser Mutterunternehmen Luftreiniger-Komponenten f\u00fcr Privathaushalte, Gewerbe und industrielle Abluft.<br \/>\nDie oxytec ag geh\u00f6rt zu den Marktf\u00fchrern im Bereich Luftreinigung, Entkeimung und Wasseraufbereitung. UV-C, UV-\/Ozon, Kaltplasma oder Kombinationen mit W\u00e4schern. F\u00fcr jeden Bedarf hat die oxytec ag die optimal zugeschnittene Antwort. In den zur\u00fcckliegenden 15 Jahren hat die das Unternehmen hunderte von Industrieunternehmen, Kreuzfahrtschiffen und gewerblichen K\u00fcchen ausgestattet.<\/p>\n<p style=\"text-align: left;\">Auch im Kampf gegen Corona leistet die oxytec ag einen wichtigen Beitrag: Ob Schulen, Praxen, Krankenh\u00e4user, B\u00fcros, Sanit\u00e4rr\u00e4ume oder Fitness-Studios &#8211; zwei aktuelle Studien des Fraunhofer-Instituts f\u00fcr Bauphysik beweisen die extrem hohe Wirksamkeit der oxytec-Technologie gegen Corona-Viren und jede neue Mutation . Aber auch alle anderen Viren, Bakterien, Keime und Ger\u00fcche werden in nat\u00fcrliche, gesundheitlich unbedenkliche Luftbestandteile zersetzt. Auch Allergiker, die auf Pollen, Staub und andere Stoffe reagieren, erfahren durch die Ger\u00e4te nachweislich eine deutliche Linderung ihrer Symptome. Weitere Informationen finden Sie unter <a href=\"http:\/\/www.oxytec.com\" target=\"_blank\" rel=\"noopener\">www.oxytec.com<\/a><\/p>\n<p>[\/vc_column_text][vc_empty_space empty_h=&#8220;2&#8243;][vc_single_image media=&#8220;103785&#8243; media_width_percent=&#8220;100&#8243; uncode_shortcode_id=&#8220;106644&#8243;][vc_empty_space empty_h=&#8220;2&#8243;][\/vc_column][\/vc_row][vc_row row_height_percent=&#8220;0&#8243; override_padding=&#8220;yes&#8220; h_padding=&#8220;2&#8243; top_padding=&#8220;3&#8243; bottom_padding=&#8220;3&#8243; overlay_alpha=&#8220;50&#8243; equal_height=&#8220;yes&#8220; gutter_size=&#8220;4&#8243; column_width_percent=&#8220;100&#8243; shift_y=&#8220;0&#8243; z_index=&#8220;0&#8243; enable_top_divider=&#8220;default&#8220; top_divider=&#8220;arrow&#8220; shape_top_h_use_pixel=&#8220;&#8220; shape_top_height=&#8220;30&#8243; shape_top_color=&#8220;color-lxmt&#8220; shape_top_opacity=&#8220;100&#8243; shape_top_ratio=&#8220;yes&#8220; shape_top_index=&#8220;0&#8243; uncode_shortcode_id=&#8220;188228&#8243; row_name=&#8220;Druckbeh\u00e4lter&#8220; shape_top_color_type=&#8220;uncode-palette&#8220;][vc_column column_width_percent=&#8220;100&#8243; position_vertical=&#8220;middle&#8220; align_horizontal=&#8220;align_center&#8220; gutter_size=&#8220;3&#8243; overlay_alpha=&#8220;50&#8243; shift_x=&#8220;0&#8243; shift_y=&#8220;0&#8243; shift_y_down=&#8220;0&#8243; z_index=&#8220;0&#8243; medium_width=&#8220;0&#8243; mobile_width=&#8220;0&#8243; width=&#8220;1\/1&#8243; uncode_shortcode_id=&#8220;178828&#8243;][vc_custom_heading text_color=&#8220;color-153147&#8243; heading_semantic=&#8220;h3&#8243; text_size=&#8220;fontsize-326181&#8243; uncode_shortcode_id=&#8220;401506&#8243; text_color_type=&#8220;uncode-palette&#8220;]Druckbeh\u00e4lter[\/vc_custom_heading][vc_empty_space empty_h=&#8220;2&#8243;][vc_single_image media=&#8220;103789&#8243; media_width_percent=&#8220;100&#8243; alignment=&#8220;center&#8220; uncode_shortcode_id=&#8220;180712&#8243;][vc_column_text text_lead=&#8220;yes&#8220; uncode_shortcode_id=&#8220;117987&#8243;]<\/p>\n<p style=\"text-align: left;\">stainlesstec ist ihr Partner f\u00fcr die Herstellung von Druckbeh\u00e4ltern und Druckger\u00e4ten f\u00fcr die Pharma- und Lebensmittelindustrie. Wir fertigen f\u00fcr unsere Kunden Prozessbeh\u00e4lter zur Produktion, Lagerung und Verarbeitung von fl\u00fcssigen Medien. Dabei gelten bei uns h\u00f6chste Qualit\u00e4tsanforderungen. Wir liefern ihnen Druckbeh\u00e4lter auch mit Schaltanlage, R\u00fchrwerk und Messtechnik als fertige Systemkomponenten. Unsere Druckbeh\u00e4lter-Spezialisten und gepr\u00fcften Schwei\u00dfer haben inzwischen zehn Jahre Erfahrung im Bereich drucktragende Bauteile &#8211; seien es nun W\u00e4rmetauscher-Platten, Druckbeh\u00e4lter oder Vakuumkammern. Die Qualit\u00e4t unserer Arbeit wird regelm\u00e4\u00dfig gepr\u00fcft und zertifiziert nach Din AD 2000 HP 0 und DIN 3834.<\/p>\n<p>[\/vc_column_text][\/vc_column][\/vc_row][vc_row unlock_row_content=&#8220;yes&#8220; row_height_percent=&#8220;0&#8243; override_padding=&#8220;yes&#8220; h_padding=&#8220;2&#8243; top_padding=&#8220;2&#8243; bottom_padding=&#8220;0&#8243; back_color=&#8220;color-155512&#8243; overlay_alpha=&#8220;50&#8243; gutter_size=&#8220;0&#8243; column_width_percent=&#8220;100&#8243; shift_y=&#8220;0&#8243; z_index=&#8220;0&#8243; enable_top_divider=&#8220;default&#8220; top_divider=&#8220;arrow&#8220; shape_top_h_use_pixel=&#8220;&#8220; shape_top_height=&#8220;30&#8243; shape_top_color=&#8220;color-xsdn&#8220; shape_top_opacity=&#8220;100&#8243; shape_top_ratio=&#8220;yes&#8220; shape_top_index=&#8220;0&#8243; shape_top_responsive=&#8220;yes&#8220; shape_top_tablet_hide=&#8220;yes&#8220; shape_top_mobile_hide=&#8220;yes&#8220; uncode_shortcode_id=&#8220;176466&#8243; back_color_type=&#8220;uncode-palette&#8220; shape_top_color_type=&#8220;uncode-palette&#8220;][vc_column column_width_percent=&#8220;100&#8243; gutter_size=&#8220;0&#8243; back_color=&#8220;color-155512&#8243; overlay_alpha=&#8220;50&#8243; shift_x=&#8220;0&#8243; shift_y=&#8220;0&#8243; shift_y_down=&#8220;0&#8243; z_index=&#8220;0&#8243; medium_width=&#8220;0&#8243; mobile_width=&#8220;0&#8243; width=&#8220;1\/1&#8243; uncode_shortcode_id=&#8220;146779&#8243; back_color_type=&#8220;uncode-palette&#8220;][vc_empty_space empty_h=&#8220;0&#8243;][\/vc_column][\/vc_row]<\/p>\n<\/div>","protected":false},"excerpt":{"rendered":"<p>[vc_row row_height_percent=&#8220;0&#8243; override_padding=&#8220;yes&#8220; h_padding=&#8220;2&#8243; top_padding=&#8220;3&#8243; bottom_padding=&#8220;3&#8243; overlay_alpha=&#8220;50&#8243; equal_height=&#8220;yes&#8220; gutter_size=&#8220;4&#8243; column_width_percent=&#8220;100&#8243; shift_y=&#8220;0&#8243; z_index=&#8220;0&#8243; uncode_shortcode_id=&#8220;167305&#8243;][vc_column column_width_percent=&#8220;100&#8243; position_vertical=&#8220;middle&#8220; align_horizontal=&#8220;align_center&#8220; gutter_size=&#8220;3&#8243; overlay_alpha=&#8220;50&#8243; shift_x=&#8220;0&#8243; shift_y=&#8220;0&#8243; [&hellip;]<\/p>\n","protected":false},"author":1,"featured_media":0,"parent":0,"menu_order":23,"comment_status":"closed","ping_status":"closed","template":"","meta":{"footnotes":""},"class_list":["post-103772","page","type-page","status-publish","hentry"],"_links":{"self":[{"href":"https:\/\/www.stainlesstec.de\/wordpress\/wp-json\/wp\/v2\/pages\/103772","targetHints":{"allow":["GET"]}}],"collection":[{"href":"https:\/\/www.stainlesstec.de\/wordpress\/wp-json\/wp\/v2\/pages"}],"about":[{"href":"https:\/\/www.stainlesstec.de\/wordpress\/wp-json\/wp\/v2\/types\/page"}],"author":[{"embeddable":true,"href":"https:\/\/www.stainlesstec.de\/wordpress\/wp-json\/wp\/v2\/users\/1"}],"replies":[{"embeddable":true,"href":"https:\/\/www.stainlesstec.de\/wordpress\/wp-json\/wp\/v2\/comments?post=103772"}],"version-history":[{"count":0,"href":"https:\/\/www.stainlesstec.de\/wordpress\/wp-json\/wp\/v2\/pages\/103772\/revisions"}],"wp:attachment":[{"href":"https:\/\/www.stainlesstec.de\/wordpress\/wp-json\/wp\/v2\/media?parent=103772"}],"curies":[{"name":"wp","href":"https:\/\/api.w.org\/{rel}","templated":true}]}}