{"id":103710,"date":"2022-05-24T09:34:30","date_gmt":"2022-05-24T07:34:30","guid":{"rendered":"https:\/\/www.stainlesstec.de\/wordpress\/?page_id=103710"},"modified":"2025-08-21T14:03:06","modified_gmt":"2025-08-21T12:03:06","slug":"unternehmen","status":"publish","type":"page","link":"https:\/\/www.stainlesstec.de\/wordpress\/unternehmen\/","title":{"rendered":"Unternehmen"},"content":{"rendered":"<div class=\"wpb-content-wrapper\"><p>[vc_row row_height_percent=&#8220;0&#8243; override_padding=&#8220;yes&#8220; h_padding=&#8220;2&#8243; top_padding=&#8220;3&#8243; bottom_padding=&#8220;3&#8243; overlay_alpha=&#8220;50&#8243; equal_height=&#8220;yes&#8220; gutter_size=&#8220;4&#8243; column_width_percent=&#8220;100&#8243; shift_y=&#8220;0&#8243; z_index=&#8220;0&#8243; uncode_shortcode_id=&#8220;140777&#8243; row_name=&#8220;Profil&#8220;][vc_column column_width_percent=&#8220;100&#8243; position_vertical=&#8220;middle&#8220; align_horizontal=&#8220;align_center&#8220; gutter_size=&#8220;3&#8243; overlay_alpha=&#8220;50&#8243; shift_x=&#8220;0&#8243; shift_y=&#8220;0&#8243; shift_y_down=&#8220;0&#8243; z_index=&#8220;0&#8243; medium_width=&#8220;0&#8243; mobile_width=&#8220;0&#8243; width=&#8220;1\/1&#8243; uncode_shortcode_id=&#8220;203480&#8243;][vc_custom_heading text_color=&#8220;color-153147&#8243; heading_semantic=&#8220;h3&#8243; text_size=&#8220;fontsize-326181&#8243; uncode_shortcode_id=&#8220;173577&#8243; text_color_type=&#8220;uncode-palette&#8220;]Profil[\/vc_custom_heading][vc_empty_space empty_h=&#8220;2&#8243;][vc_single_image media=&#8220;103711&#8243; media_width_percent=&#8220;100&#8243; media_ratio=&#8220;two-one&#8220; alignment=&#8220;center&#8220; uncode_shortcode_id=&#8220;378095&#8243;][vc_column_text text_lead=&#8220;yes&#8220; uncode_shortcode_id=&#8220;174304&#8243;]<\/p>\n<p style=\"text-align: left;\">Egal ob Serienprodukte, Einzelst\u00fccke oder Sonderanfertigungen: Wir reagieren flexibel und professionell auf Ihre Bed\u00fcrfnisse und liefern auch Just-in-time sowie Baugruppen und Systemkomponenten. Langj\u00e4hriges Know-how geh\u00f6rt f\u00fcr uns genauso dazu wie modernste Planungs-, Konstruktions- und Fertigungsverfahren.<\/p>\n<p style=\"text-align: left;\">Unsere Fokussierung auf Edelstahl und Aluminium sorgt f\u00fcr eine hohe Auslastung unserer Systeme. Davon profitieren auch unsere Kunden. Unsere qualifizierten und motivierten Mitarbeiter, regelm\u00e4\u00dfige Fortbildungen und echte Teamarbeit sind weitere Bausteine unserer Qualit\u00e4t.<\/p>\n<p>[\/vc_column_text][\/vc_column][\/vc_row][vc_row row_height_percent=&#8220;10&#8243; back_color=&#8220;color-lxmt&#8220; overlay_alpha=&#8220;50&#8243; gutter_size=&#8220;0&#8243; column_width_percent=&#8220;100&#8243; shift_y=&#8220;0&#8243; z_index=&#8220;0&#8243; enable_top_divider=&#8220;default&#8220; top_divider=&#8220;arrow&#8220; shape_top_h_use_pixel=&#8220;&#8220; shape_top_height=&#8220;30&#8243; shape_top_color=&#8220;color-xsdn&#8220; shape_top_opacity=&#8220;100&#8243; shape_top_ratio=&#8220;yes&#8220; shape_top_index=&#8220;0&#8243; shape_top_responsive=&#8220;yes&#8220; shape_top_tablet_hide=&#8220;yes&#8220; shape_top_mobile_hide=&#8220;yes&#8220; uncode_shortcode_id=&#8220;493587&#8243; back_color_type=&#8220;uncode-palette&#8220; shape_top_color_type=&#8220;uncode-palette&#8220; row_name=&#8220;Zertifikate&#8220;][vc_column column_width_percent=&#8220;100&#8243; align_horizontal=&#8220;align_center&#8220; gutter_size=&#8220;0&#8243; overlay_alpha=&#8220;50&#8243; shift_x=&#8220;0&#8243; shift_y=&#8220;0&#8243; shift_y_down=&#8220;0&#8243; z_index=&#8220;0&#8243; medium_width=&#8220;0&#8243; mobile_width=&#8220;0&#8243; width=&#8220;1\/1&#8243; uncode_shortcode_id=&#8220;934726&#8243;][vc_empty_space empty_h=&#8220;2&#8243;][vc_custom_heading text_color=&#8220;color-153147&#8243; heading_semantic=&#8220;h3&#8243; text_size=&#8220;fontsize-326181&#8243; uncode_shortcode_id=&#8220;947485&#8243; text_color_type=&#8220;uncode-palette&#8220;]Zertifikate[\/vc_custom_heading][vc_empty_space empty_h=&#8220;2&#8243;][vc_column_text text_lead=&#8220;yes&#8220; uncode_shortcode_id=&#8220;192135&#8243;]<\/p>\n<p style=\"text-align: left;\">Wir stehen f\u00fcr Top-Qualit\u00e4t \u2013 und das sind keine leeren Worte: Wir haben alle wichtigen Zertifikate f\u00fcr Blechbearbeitung und Druckbeh\u00e4lterbau. Sie dokumentieren unser Qualit\u00e4tsniveau und dass bei stainlesstec diszipliniert, strukturiert und transparent gearbeitet wird. Dazu geh\u00f6rt auch, dass wir alle wichtigen Produktionsschritte l\u00fcckenlos dokumentieren.<\/p>\n<p>[\/vc_column_text][vc_empty_space empty_h=&#8220;2&#8243;][vc_gallery el_id=&#8220;gallery-551963&#8243; medias=&#8220;105154,105156,105064,105043&#8243; gutter_size=&#8220;3&#8243; screen_lg=&#8220;1000&#8243; screen_md=&#8220;600&#8243; screen_sm=&#8220;480&#8243; images_size=&#8220;two-three&#8220; single_overlay_opacity=&#8220;50&#8243; single_padding=&#8220;2&#8243; uncode_shortcode_id=&#8220;202537&#8243;][vc_empty_space empty_h=&#8220;2&#8243;][\/vc_column][\/vc_row][vc_row row_height_percent=&#8220;0&#8243; override_padding=&#8220;yes&#8220; h_padding=&#8220;2&#8243; top_padding=&#8220;3&#8243; bottom_padding=&#8220;3&#8243; overlay_alpha=&#8220;50&#8243; equal_height=&#8220;yes&#8220; gutter_size=&#8220;4&#8243; column_width_percent=&#8220;100&#8243; shift_y=&#8220;0&#8243; z_index=&#8220;0&#8243; enable_top_divider=&#8220;default&#8220; top_divider=&#8220;arrow&#8220; shape_top_h_use_pixel=&#8220;&#8220; shape_top_height=&#8220;30&#8243; shape_top_color=&#8220;color-lxmt&#8220; shape_top_opacity=&#8220;100&#8243; shape_top_ratio=&#8220;yes&#8220; shape_top_index=&#8220;0&#8243; uncode_shortcode_id=&#8220;441467&#8243; row_name=&#8220;Historie&#8220; shape_top_color_type=&#8220;uncode-palette&#8220;][vc_column column_width_percent=&#8220;100&#8243; position_vertical=&#8220;middle&#8220; align_horizontal=&#8220;align_center&#8220; gutter_size=&#8220;3&#8243; overlay_alpha=&#8220;50&#8243; shift_x=&#8220;0&#8243; shift_y=&#8220;0&#8243; shift_y_down=&#8220;0&#8243; z_index=&#8220;0&#8243; medium_width=&#8220;0&#8243; mobile_width=&#8220;0&#8243; width=&#8220;1\/1&#8243; uncode_shortcode_id=&#8220;203480&#8243;][vc_custom_heading text_color=&#8220;color-153147&#8243; heading_semantic=&#8220;h3&#8243; text_size=&#8220;fontsize-326181&#8243; uncode_shortcode_id=&#8220;424266&#8243; text_color_type=&#8220;uncode-palette&#8220;]Historie[\/vc_custom_heading][vc_empty_space empty_h=&#8220;2&#8243;][vc_column_text text_lead=&#8220;yes&#8220; uncode_shortcode_id=&#8220;103647&#8243;]<\/p>\n<ul>\n<li style=\"text-align: left;\"><strong>2004<\/strong> Gr\u00fcndung der Vorg\u00e4ngerfirma Pascheit Edelstahltechnik GmbH<\/li>\n<li style=\"text-align: left;\"><strong>2008<\/strong> Festlegung auf rein wei\u00dfe Edelstahl- und Aluminiumverarbeitung<\/li>\n<li style=\"text-align: left;\"><strong>2009<\/strong> Zertifizierung nach DIN EN ISO 9001 f\u00fcr Edelstahl-Verarbeitung<\/li>\n<li style=\"text-align: left;\"><strong>2010<\/strong> Profilierung der Marke durch Umbenennung in Edelstahl Nord GmbH<\/li>\n<li style=\"text-align: left;\"><strong>2015<\/strong> Markteinf\u00fchrung Raumluftreiniger<\/li>\n<li style=\"text-align: left;\"><strong>2016<\/strong> Beginn der Zusammenarbeit mit der oxytec ag im Bereich Luftreinigung<\/li>\n<li style=\"text-align: left;\"><strong>2016<\/strong> Aufbau des Gesch\u00e4ftsbereichs Druckbeh\u00e4lter, Zertifizierung AD 2000 HP0 + DIN EN ISO 3834-3 f\u00fcr Druckbeh\u00e4lterbau<\/li>\n<li style=\"text-align: left;\"><strong>2021<\/strong> Umfirmierung unter dem Namen stainlesstec GmbH, Edelstahl Nord wird 100-prozentige Tochter der oxytec ag<\/li>\n<\/ul>\n<p>[\/vc_column_text][\/vc_column][\/vc_row][vc_row row_height_percent=&#8220;10&#8243; back_color=&#8220;color-lxmt&#8220; overlay_alpha=&#8220;50&#8243; gutter_size=&#8220;0&#8243; column_width_percent=&#8220;100&#8243; shift_y=&#8220;0&#8243; z_index=&#8220;0&#8243; enable_top_divider=&#8220;default&#8220; top_divider=&#8220;arrow&#8220; shape_top_h_use_pixel=&#8220;&#8220; shape_top_height=&#8220;30&#8243; shape_top_color=&#8220;color-xsdn&#8220; shape_top_opacity=&#8220;100&#8243; shape_top_ratio=&#8220;yes&#8220; shape_top_index=&#8220;0&#8243; shape_top_responsive=&#8220;yes&#8220; shape_top_tablet_hide=&#8220;yes&#8220; shape_top_mobile_hide=&#8220;yes&#8220; uncode_shortcode_id=&#8220;661576&#8243; back_color_type=&#8220;uncode-palette&#8220; shape_top_color_type=&#8220;uncode-palette&#8220; row_name=&#8220;Z\u00fcgige Lieferung&#8220;][vc_column column_width_percent=&#8220;100&#8243; align_horizontal=&#8220;align_center&#8220; gutter_size=&#8220;0&#8243; overlay_alpha=&#8220;50&#8243; shift_x=&#8220;0&#8243; shift_y=&#8220;0&#8243; shift_y_down=&#8220;0&#8243; z_index=&#8220;0&#8243; medium_width=&#8220;0&#8243; mobile_width=&#8220;0&#8243; width=&#8220;1\/1&#8243; uncode_shortcode_id=&#8220;934726&#8243;][vc_empty_space empty_h=&#8220;2&#8243;][vc_custom_heading text_color=&#8220;color-153147&#8243; heading_semantic=&#8220;h3&#8243; text_size=&#8220;fontsize-326181&#8243; uncode_shortcode_id=&#8220;158319&#8243; text_color_type=&#8220;uncode-palette&#8220;]Z\u00fcgige Lieferung[\/vc_custom_heading][vc_empty_space empty_h=&#8220;2&#8243;][vc_column_text text_lead=&#8220;yes&#8220; uncode_shortcode_id=&#8220;211225&#8243;]<\/p>\n<p style=\"text-align: left;\">Rauf und hin \u2013 Wir liefern direkt am Tag der Fertigung im Nahbereich bis 50 km. Daf\u00fcr stehen unser hauseigener 7,5 Tonnen-LKW und der 3,5 Tonnen-Sprinter bereit. Bei weiter entfernten Kunden arbeiten wir nur mit ausgesuchten Speditionen zusammen. Wir tun alles daf\u00fcr, dass unsere hochwertige Fracht unbesch\u00e4digt ankommt. Zu unseren Qualit\u00e4tsstandards geh\u00f6rt, dass wir grunds\u00e4tzlich nur Speditionen beauftragen, die direkt liefern. Besch\u00e4digungen beim Umladen wollen wir von vornherein ausschlie\u00dfen.<\/p>\n<p>[\/vc_column_text][vc_empty_space empty_h=&#8220;2&#8243;][vc_gallery el_id=&#8220;gallery-551969&#8243; medias=&#8220;103727,103728,103726&#8243; gutter_size=&#8220;3&#8243; screen_lg=&#8220;1000&#8243; screen_md=&#8220;600&#8243; screen_sm=&#8220;480&#8243; single_overlay_opacity=&#8220;50&#8243; single_padding=&#8220;2&#8243; uncode_shortcode_id=&#8220;439390&#8243;][vc_empty_space empty_h=&#8220;2&#8243;][\/vc_column][\/vc_row][vc_row unlock_row_content=&#8220;yes&#8220; row_height_percent=&#8220;0&#8243; override_padding=&#8220;yes&#8220; h_padding=&#8220;2&#8243; top_padding=&#8220;2&#8243; bottom_padding=&#8220;0&#8243; back_color=&#8220;color-155512&#8243; overlay_alpha=&#8220;50&#8243; gutter_size=&#8220;0&#8243; column_width_percent=&#8220;100&#8243; shift_y=&#8220;0&#8243; z_index=&#8220;0&#8243; enable_top_divider=&#8220;default&#8220; top_divider=&#8220;arrow&#8220; shape_top_h_use_pixel=&#8220;&#8220; shape_top_height=&#8220;30&#8243; shape_top_color=&#8220;color-lxmt&#8220; shape_top_opacity=&#8220;100&#8243; shape_top_ratio=&#8220;yes&#8220; shape_top_index=&#8220;0&#8243; shape_top_responsive=&#8220;yes&#8220; shape_top_tablet_hide=&#8220;yes&#8220; shape_top_mobile_hide=&#8220;yes&#8220; uncode_shortcode_id=&#8220;213937&#8243; back_color_type=&#8220;uncode-palette&#8220; shape_top_color_type=&#8220;uncode-palette&#8220;][vc_column column_width_percent=&#8220;100&#8243; gutter_size=&#8220;0&#8243; back_color=&#8220;color-155512&#8243; overlay_alpha=&#8220;50&#8243; shift_x=&#8220;0&#8243; shift_y=&#8220;0&#8243; shift_y_down=&#8220;0&#8243; z_index=&#8220;0&#8243; medium_width=&#8220;0&#8243; mobile_width=&#8220;0&#8243; width=&#8220;1\/1&#8243; uncode_shortcode_id=&#8220;146779&#8243; back_color_type=&#8220;uncode-palette&#8220;][vc_empty_space empty_h=&#8220;0&#8243;][\/vc_column][\/vc_row]<\/p>\n<\/div>","protected":false},"excerpt":{"rendered":"<p>[vc_row row_height_percent=&#8220;0&#8243; override_padding=&#8220;yes&#8220; h_padding=&#8220;2&#8243; top_padding=&#8220;3&#8243; bottom_padding=&#8220;3&#8243; overlay_alpha=&#8220;50&#8243; equal_height=&#8220;yes&#8220; gutter_size=&#8220;4&#8243; column_width_percent=&#8220;100&#8243; shift_y=&#8220;0&#8243; z_index=&#8220;0&#8243; uncode_shortcode_id=&#8220;140777&#8243; row_name=&#8220;Profil&#8220;][vc_column column_width_percent=&#8220;100&#8243; position_vertical=&#8220;middle&#8220; align_horizontal=&#8220;align_center&#8220; gutter_size=&#8220;3&#8243; overlay_alpha=&#8220;50&#8243; shift_x=&#8220;0&#8243; [&hellip;]<\/p>\n","protected":false},"author":1,"featured_media":0,"parent":0,"menu_order":36,"comment_status":"closed","ping_status":"closed","template":"","meta":{"footnotes":""},"class_list":["post-103710","page","type-page","status-publish","hentry"],"_links":{"self":[{"href":"https:\/\/www.stainlesstec.de\/wordpress\/wp-json\/wp\/v2\/pages\/103710","targetHints":{"allow":["GET"]}}],"collection":[{"href":"https:\/\/www.stainlesstec.de\/wordpress\/wp-json\/wp\/v2\/pages"}],"about":[{"href":"https:\/\/www.stainlesstec.de\/wordpress\/wp-json\/wp\/v2\/types\/page"}],"author":[{"embeddable":true,"href":"https:\/\/www.stainlesstec.de\/wordpress\/wp-json\/wp\/v2\/users\/1"}],"replies":[{"embeddable":true,"href":"https:\/\/www.stainlesstec.de\/wordpress\/wp-json\/wp\/v2\/comments?post=103710"}],"version-history":[{"count":0,"href":"https:\/\/www.stainlesstec.de\/wordpress\/wp-json\/wp\/v2\/pages\/103710\/revisions"}],"wp:attachment":[{"href":"https:\/\/www.stainlesstec.de\/wordpress\/wp-json\/wp\/v2\/media?parent=103710"}],"curies":[{"name":"wp","href":"https:\/\/api.w.org\/{rel}","templated":true}]}}