{"id":103607,"date":"2022-04-26T15:05:22","date_gmt":"2022-04-26T13:05:22","guid":{"rendered":"https:\/\/www.stainlesstec.de\/wordpress\/?page_id=103607"},"modified":"2025-07-24T17:07:47","modified_gmt":"2025-07-24T15:07:47","slug":"stainlesstec_start","status":"publish","type":"page","link":"https:\/\/www.stainlesstec.de\/wordpress\/","title":{"rendered":"stainlesstec"},"content":{"rendered":"<div class=\"wpb-content-wrapper\"><p>[vc_row unlock_row_content=&#8220;yes&#8220; row_height_percent=&#8220;100&#8243; override_padding=&#8220;yes&#8220; h_padding=&#8220;0&#8243; top_padding=&#8220;0&#8243; bottom_padding=&#8220;0&#8243; back_image=&#8220;104438&#8243; overlay_alpha=&#8220;50&#8243; equal_height=&#8220;yes&#8220; gutter_size=&#8220;4&#8243; column_width_percent=&#8220;100&#8243; shift_y=&#8220;0&#8243; z_index=&#8220;0&#8243; desktop_visibility=&#8220;yes&#8220; medium_visibility=&#8220;yes&#8220; mobile_visibility=&#8220;yes&#8220; uncode_shortcode_id=&#8220;160216&#8243; row_height_pixel=&#8220;400&#8243;][vc_column column_width_percent=&#8220;70&#8243; position_vertical=&#8220;middle&#8220; align_horizontal=&#8220;align_center&#8220; gutter_size=&#8220;3&#8243; overlay_color=&#8220;color-jevc&#8220; overlay_alpha=&#8220;25&#8243; shift_x=&#8220;0&#8243; shift_y=&#8220;0&#8243; shift_y_down=&#8220;0&#8243; z_index=&#8220;0&#8243; medium_width=&#8220;0&#8243; mobile_width=&#8220;0&#8243; width=&#8220;1\/1&#8243; uncode_shortcode_id=&#8220;167382&#8243; overlay_color_type=&#8220;uncode-palette&#8220;][vc_custom_heading text_color=&#8220;color-xsdn&#8220; heading_semantic=&#8220;h3&#8243; text_font=&#8220;font-165032&#8243; text_size=&#8220;fontsize-338686&#8243; text_weight=&#8220;500&#8243; text_italic=&#8220;yes&#8220; css_animation=&#8220;curtain&#8220; interval_animation=&#8220;200&#8243; uncode_shortcode_id=&#8220;113678&#8243; text_color_type=&#8220;uncode-palette&#8220;]<span class=\"heading-text-highlight \" data-atts='{\"bg\":\"style-color-xsdn-bg\",\"height\":\"10%\",\"offset\":\"0.05em\",\"opacity\":\"0.5\",\"animated\":\"yes\"}'>Danke f\u00fcr die erfolgreiche Zusammenarbeit im vergangenen Jahr. Das stainlesstec-Team w\u00fcnscht Ihnen sch\u00f6ne Weihnachten und uns allen ein gesundes und wieder friedlicheres Jahr 2023!<\/span>[\/vc_custom_heading][\/vc_column][\/vc_row][vc_row unlock_row_content=&#8220;yes&#8220; row_height_percent=&#8220;100&#8243; override_padding=&#8220;yes&#8220; h_padding=&#8220;0&#8243; top_padding=&#8220;0&#8243; bottom_padding=&#8220;0&#8243; overlay_alpha=&#8220;50&#8243; equal_height=&#8220;yes&#8220; gutter_size=&#8220;4&#8243; column_width_percent=&#8220;100&#8243; shift_y=&#8220;0&#8243; z_index=&#8220;0&#8243; uncode_shortcode_id=&#8220;746063&#8243; row_height_pixel=&#8220;400px&#8220;][vc_column column_width_percent=&#8220;100&#8243; gutter_size=&#8220;0&#8243; overlay_alpha=&#8220;50&#8243; shift_x=&#8220;0&#8243; shift_y=&#8220;0&#8243; shift_y_down=&#8220;0&#8243; z_index=&#8220;0&#8243; medium_width=&#8220;0&#8243; mobile_width=&#8220;0&#8243; width=&#8220;1\/1&#8243; uncode_shortcode_id=&#8220;200600&#8243;][vc_raw_html]JTNDZGl2JTIwc3R5bGUlM0QlMjJwYWRkaW5nJTNBNTYuMjUlMjUlMjAwJTIwMCUyMDAlM0Jwb3NpdGlvbiUzQXJlbGF0aXZlJTNCJTIyJTNFJTNDaWZyYW1lJTIwc3JjJTNEJTIyaHR0cHMlM0ElMkYlMkZwbGF5ZXIudmltZW8uY29tJTJGdmlkZW8lMkY3ODkyNzg3NzclM0ZhdXRvcGxheSUzRDElMjZsb29wJTNEMCUyNmF1dG9wYXVzZSUzRDAlMjIlMjBoJTNEYjlkM2E4M2JjNiUyNnRpdGxlJTNEMCUyNmJ5bGluZSUzRDAlMjZwb3J0cmFpdCUzRDAlMjZzcGVlZCUzRDAlMjZiYWRnZSUzRDAlMjZhdXRvcGF1c2UlM0QwJTI2cGxheWVyX2lkJTNEMCUyNmFwcF9pZCUzRDU4NDc5JTJGZW1iZWQlMjIlMjBhbGxvdyUzRCUyMmF1dG9wbGF5JTNEMSUzQiUyMGxvb3AlM0QwJTNCJTIwZnVsbHNjcmVlbiUzQiUyMHBpY3R1cmUtaW4tcGljdHVyZSUyMiUyMGFsbG93ZnVsbHNjcmVlbiUyMGZyYW1lYm9yZGVyJTNEJTIyMCUyMiUyMHN0eWxlJTNEJTIycG9zaXRpb24lM0FhYnNvbHV0ZSUzQnRvcCUzQTAlM0JsZWZ0JTNBMCUzQndpZHRoJTNBMTAwJTI1JTNCaGVpZ2h0JTNBMTAwJTI1JTNCJTIyJTNFJTNDJTJGaWZyYW1lJTNFJTNDJTJGZGl2JTNF[\/vc_raw_html][\/vc_column][\/vc_row][vc_row row_height_percent=&#8220;0&#8243; override_padding=&#8220;yes&#8220; h_padding=&#8220;2&#8243; top_padding=&#8220;3&#8243; bottom_padding=&#8220;2&#8243; overlay_alpha=&#8220;50&#8243; equal_height=&#8220;yes&#8220; gutter_size=&#8220;4&#8243; column_width_percent=&#8220;100&#8243; shift_y=&#8220;0&#8243; z_index=&#8220;0&#8243; uncode_shortcode_id=&#8220;919459&#8243;][vc_column column_width_percent=&#8220;100&#8243; position_vertical=&#8220;middle&#8220; align_horizontal=&#8220;align_center&#8220; gutter_size=&#8220;3&#8243; overlay_alpha=&#8220;50&#8243; shift_x=&#8220;0&#8243; shift_y=&#8220;0&#8243; shift_y_down=&#8220;0&#8243; z_index=&#8220;0&#8243; medium_width=&#8220;0&#8243; mobile_width=&#8220;0&#8243; width=&#8220;1\/1&#8243; uncode_shortcode_id=&#8220;794169&#8243;][vc_custom_heading text_color=&#8220;color-153147&#8243; heading_semantic=&#8220;h3&#8243; text_size=&#8220;fontsize-155944&#8243; uncode_shortcode_id=&#8220;102599&#8243; text_color_type=&#8220;uncode-palette&#8220;]Ihre Spezialisten f\u00fcr Edelstahl- und Aluminium-Verarbeitung[\/vc_custom_heading][vc_empty_space empty_h=&#8220;2&#8243;][vc_column_text text_lead=&#8220;yes&#8220; uncode_shortcode_id=&#8220;104943&#8243;]Edelstahl und Aluminium sind unsere Leidenschaft. Profitieren Sie von unserem Know-how in der rein wei\u00dfen Fertigung. Stainlesstec steht f\u00fcr Qualit\u00e4t und Zuverl\u00e4ssigkeit. Gerne gehen wir ma\u00dfgeschneidert auf Ihre W\u00fcnsche ein! Kompromisslos sind wir nur in einem: der Qualit\u00e4t unserer Produkte.[\/vc_column_text][\/vc_column][\/vc_row][vc_row row_height_percent=&#8220;0&#8243; override_padding=&#8220;yes&#8220; h_padding=&#8220;2&#8243; top_padding=&#8220;2&#8243; bottom_padding=&#8220;3&#8243; overlay_alpha=&#8220;50&#8243; equal_height=&#8220;yes&#8220; gutter_size=&#8220;4&#8243; column_width_percent=&#8220;100&#8243; shift_y=&#8220;0&#8243; z_index=&#8220;0&#8243; uncode_shortcode_id=&#8220;269890&#8243; row_name=&#8220;Aktuelles&#8220;][vc_column column_width_percent=&#8220;100&#8243; position_vertical=&#8220;middle&#8220; align_horizontal=&#8220;align_center&#8220; gutter_size=&#8220;3&#8243; overlay_alpha=&#8220;50&#8243; shift_x=&#8220;0&#8243; shift_y=&#8220;0&#8243; shift_y_down=&#8220;0&#8243; z_index=&#8220;0&#8243; medium_width=&#8220;0&#8243; mobile_width=&#8220;0&#8243; width=&#8220;1\/1&#8243; uncode_shortcode_id=&#8220;184141&#8243;][vc_custom_heading text_color=&#8220;color-153147&#8243; heading_semantic=&#8220;h3&#8243; text_size=&#8220;fontsize-326181&#8243; uncode_shortcode_id=&#8220;434192&#8243; text_color_type=&#8220;uncode-palette&#8220;]Blog[\/vc_custom_heading][vc_empty_space empty_h=&#8220;2&#8243;][uncode_index el_id=&#8220;index-111147&#8243; loop=&#8220;size:2|order_by:date|post_type:post|categories:120|taxonomy_count:10&#8243; screen_lg=&#8220;1000&#8243; screen_md=&#8220;600&#8243; screen_sm=&#8220;480&#8243; gutter_size=&#8220;3&#8243; single_width=&#8220;6&#8243; images_size=&#8220;three-two&#8220; single_overlay_opacity=&#8220;50&#8243; single_h_align=&#8220;center&#8220; single_padding=&#8220;2&#8243; single_title_dimension=&#8220;h4&#8243; uncode_shortcode_id=&#8220;240174&#8243;][uncode_index el_id=&#8220;index-111147&#8243; loop=&#8220;size:2|order_by:menu_order|post_type:post|categories:288,272|taxonomy_count:10&#8243; screen_lg=&#8220;1000&#8243; screen_md=&#8220;600&#8243; screen_sm=&#8220;480&#8243; gutter_size=&#8220;3&#8243; single_width=&#8220;6&#8243; images_size=&#8220;sixteen-nine&#8220; single_overlay_opacity=&#8220;50&#8243; single_h_align=&#8220;center&#8220; single_padding=&#8220;2&#8243; single_title_dimension=&#8220;h4&#8243; uncode_shortcode_id=&#8220;182603&#8243; order_ids=&#8220;104610,104499&#8243;][\/vc_column][\/vc_row][vc_row unlock_row_content=&#8220;yes&#8220; row_height_percent=&#8220;10&#8243; back_color=&#8220;color-lxmt&#8220; overlay_alpha=&#8220;50&#8243; gutter_size=&#8220;0&#8243; column_width_percent=&#8220;100&#8243; shift_y=&#8220;0&#8243; z_index=&#8220;0&#8243; enable_top_divider=&#8220;default&#8220; top_divider=&#8220;arrow&#8220; shape_top_h_use_pixel=&#8220;&#8220; shape_top_height=&#8220;30&#8243; shape_top_color=&#8220;color-xsdn&#8220; shape_top_opacity=&#8220;100&#8243; shape_top_ratio=&#8220;yes&#8220; shape_top_index=&#8220;0&#8243; shape_top_responsive=&#8220;yes&#8220; shape_top_tablet_hide=&#8220;yes&#8220; shape_top_mobile_hide=&#8220;yes&#8220; uncode_shortcode_id=&#8220;189641&#8243; back_color_type=&#8220;uncode-palette&#8220; shape_top_color_type=&#8220;uncode-palette&#8220;][vc_column column_width_percent=&#8220;100&#8243; align_horizontal=&#8220;align_center&#8220; gutter_size=&#8220;0&#8243; overlay_alpha=&#8220;50&#8243; shift_x=&#8220;0&#8243; shift_y=&#8220;0&#8243; shift_y_down=&#8220;0&#8243; z_index=&#8220;0&#8243; medium_width=&#8220;0&#8243; mobile_width=&#8220;0&#8243; width=&#8220;1\/1&#8243; uncode_shortcode_id=&#8220;934726&#8243;][vc_empty_space empty_h=&#8220;2&#8243;][vc_custom_heading text_color=&#8220;color-153147&#8243; heading_semantic=&#8220;h3&#8243; text_size=&#8220;fontsize-326181&#8243; uncode_shortcode_id=&#8220;205944&#8243; text_color_type=&#8220;uncode-palette&#8220;]Unser Qualit\u00e4tsversprechen<br \/>\n[\/vc_custom_heading][vc_empty_space empty_h=&#8220;2&#8243;][vc_single_image media=&#8220;103625&#8243; media_width_use_pixel=&#8220;yes&#8220; alignment=&#8220;center&#8220; uncode_shortcode_id=&#8220;205585&#8243; media_width_pixel=&#8220;150&#8243;][vc_empty_space empty_h=&#8220;2&#8243;][\/vc_column][\/vc_row][vc_row unlock_row_content=&#8220;yes&#8220; row_height_percent=&#8220;0&#8243; override_padding=&#8220;yes&#8220; h_padding=&#8220;2&#8243; top_padding=&#8220;2&#8243; bottom_padding=&#8220;0&#8243; back_color=&#8220;color-155512&#8243; overlay_alpha=&#8220;50&#8243; gutter_size=&#8220;0&#8243; column_width_percent=&#8220;100&#8243; shift_y=&#8220;0&#8243; z_index=&#8220;0&#8243; enable_top_divider=&#8220;default&#8220; top_divider=&#8220;arrow&#8220; shape_top_h_use_pixel=&#8220;&#8220; shape_top_height=&#8220;30&#8243; shape_top_color=&#8220;color-lxmt&#8220; shape_top_opacity=&#8220;100&#8243; shape_top_ratio=&#8220;yes&#8220; shape_top_index=&#8220;0&#8243; shape_top_responsive=&#8220;yes&#8220; shape_top_tablet_hide=&#8220;yes&#8220; shape_top_mobile_hide=&#8220;yes&#8220; uncode_shortcode_id=&#8220;213937&#8243; back_color_type=&#8220;uncode-palette&#8220; shape_top_color_type=&#8220;uncode-palette&#8220;][vc_column column_width_percent=&#8220;100&#8243; gutter_size=&#8220;0&#8243; back_color=&#8220;color-155512&#8243; overlay_alpha=&#8220;50&#8243; shift_x=&#8220;0&#8243; shift_y=&#8220;0&#8243; shift_y_down=&#8220;0&#8243; z_index=&#8220;0&#8243; medium_width=&#8220;0&#8243; mobile_width=&#8220;0&#8243; width=&#8220;1\/1&#8243; uncode_shortcode_id=&#8220;146779&#8243; back_color_type=&#8220;uncode-palette&#8220;][vc_empty_space empty_h=&#8220;0&#8243;][\/vc_column][\/vc_row]<\/p>\n<\/div>","protected":false},"excerpt":{"rendered":"<p>[vc_row unlock_row_content=&#8220;yes&#8220; row_height_percent=&#8220;100&#8243; override_padding=&#8220;yes&#8220; h_padding=&#8220;0&#8243; top_padding=&#8220;0&#8243; bottom_padding=&#8220;0&#8243; back_image=&#8220;104438&#8243; overlay_alpha=&#8220;50&#8243; equal_height=&#8220;yes&#8220; gutter_size=&#8220;4&#8243; column_width_percent=&#8220;100&#8243; shift_y=&#8220;0&#8243; z_index=&#8220;0&#8243; desktop_visibility=&#8220;yes&#8220; medium_visibility=&#8220;yes&#8220; mobile_visibility=&#8220;yes&#8220; uncode_shortcode_id=&#8220;160216&#8243; row_height_pixel=&#8220;400&#8243;][vc_column column_width_percent=&#8220;70&#8243; [&hellip;]<\/p>\n","protected":false},"author":1,"featured_media":104956,"parent":0,"menu_order":27,"comment_status":"closed","ping_status":"closed","template":"","meta":{"footnotes":""},"class_list":["post-103607","page","type-page","status-publish","has-post-thumbnail","hentry"],"_links":{"self":[{"href":"https:\/\/www.stainlesstec.de\/wordpress\/wp-json\/wp\/v2\/pages\/103607","targetHints":{"allow":["GET"]}}],"collection":[{"href":"https:\/\/www.stainlesstec.de\/wordpress\/wp-json\/wp\/v2\/pages"}],"about":[{"href":"https:\/\/www.stainlesstec.de\/wordpress\/wp-json\/wp\/v2\/types\/page"}],"author":[{"embeddable":true,"href":"https:\/\/www.stainlesstec.de\/wordpress\/wp-json\/wp\/v2\/users\/1"}],"replies":[{"embeddable":true,"href":"https:\/\/www.stainlesstec.de\/wordpress\/wp-json\/wp\/v2\/comments?post=103607"}],"version-history":[{"count":0,"href":"https:\/\/www.stainlesstec.de\/wordpress\/wp-json\/wp\/v2\/pages\/103607\/revisions"}],"wp:featuredmedia":[{"embeddable":true,"href":"https:\/\/www.stainlesstec.de\/wordpress\/wp-json\/wp\/v2\/media\/104956"}],"wp:attachment":[{"href":"https:\/\/www.stainlesstec.de\/wordpress\/wp-json\/wp\/v2\/media?parent=103607"}],"curies":[{"name":"wp","href":"https:\/\/api.w.org\/{rel}","templated":true}]}}